{"id":1510,"date":"2025-11-13T18:52:08","date_gmt":"2025-11-13T18:52:08","guid":{"rendered":"https:\/\/taina-mangeot.icca-reims.fr\/?page_id=1510"},"modified":"2025-12-22T00:35:15","modified_gmt":"2025-12-22T00:35:15","slug":"mediums","status":"publish","type":"page","link":"https:\/\/taina-mangeot.icca-reims.fr\/?page_id=1510","title":{"rendered":"m\u00e9diums"},"content":{"rendered":"\t\t<div data-elementor-type=\"wp-page\" data-elementor-id=\"1510\" class=\"elementor elementor-1510\" data-elementor-post-type=\"page\">\n\t\t\t\t<div class=\"elementor-element elementor-element-24bdd27 e-flex e-con-boxed wpr-particle-no wpr-jarallax-no wpr-parallax-no wpr-sticky-section-no wpr-equal-height-no e-con e-parent\" data-id=\"24bdd27\" data-element_type=\"container\" data-e-type=\"container\">\n\t\t\t\t\t<div class=\"e-con-inner\">\n\t\t<div class=\"elementor-element elementor-element-d1ebbb3 e-con-full e-flex wpr-particle-no wpr-jarallax-no wpr-parallax-no wpr-sticky-section-no wpr-equal-height-no e-con e-child\" data-id=\"d1ebbb3\" data-element_type=\"container\" data-e-type=\"container\">\n\t\t\t\t<div class=\"elementor-element elementor-element-28056d6 elementor-widget elementor-widget-heading\" data-id=\"28056d6\" data-element_type=\"widget\" data-e-type=\"widget\" data-widget_type=\"heading.default\">\n\t\t\t\t\t<h2 class=\"elementor-heading-title elementor-size-default\">LES DIFF\u00c9RENTS M\u00c9DIUMS<\/h2>\t\t\t\t<\/div>\n\t\t\t\t<\/div>\n\t\t\t\t\t<\/div>\n\t\t\t\t<\/div>\n\t\t<div class=\"elementor-element elementor-element-4b7e1ca e-flex e-con-boxed wpr-particle-no wpr-jarallax-no wpr-parallax-no wpr-sticky-section-no wpr-equal-height-no e-con e-parent\" data-id=\"4b7e1ca\" data-element_type=\"container\" data-e-type=\"container\">\n\t\t\t\t\t<div class=\"e-con-inner\">\n\t\t<div class=\"elementor-element elementor-element-4cab756 e-con-full e-flex wpr-particle-no wpr-jarallax-no wpr-parallax-no wpr-sticky-section-no wpr-equal-height-no e-con e-child\" data-id=\"4cab756\" data-element_type=\"container\" data-e-type=\"container\">\n\t\t\t\t<div class=\"elementor-element elementor-element-d1ce1eb elementor-widget elementor-widget-text-editor\" data-id=\"d1ce1eb\" data-element_type=\"widget\" data-e-type=\"widget\" data-widget_type=\"text-editor.default\">\n\t\t\t\t\t\t\t\t\t<p>Bienvenue dans mon espace d\u00e9di\u00e9 \u00e0 la couleur et \u00e0 la mati\u00e8re. Cette section vous invite \u00e0 un voyage \u00e0 travers les diff\u00e9rentes facettes de ma pratique artistique.<\/p><p>Loin d&rsquo;\u00eatre limit\u00e9e \u00e0 une seule technique, j&rsquo;aime mettre l&rsquo;agilit\u00e9 au service de l&rsquo;\u00e9motion. Chaque m\u00e9dium \u2013 de la transparence \u00e0 l&rsquo;opacit\u00e9, de l&rsquo;huile \u00e0 l&rsquo;encre \u2013 est pour moi une nouvelle fa\u00e7on de raconter une histoire.<\/p><p><b>L&rsquo;exploration est totale. N&rsquo;h\u00e9sitez pas \u00e0 cliquer sur le m\u00e9dium qui vous intrigue le plus pour d\u00e9couvrir les galeries d\u00e9di\u00e9es !<\/b><\/p>\t\t\t\t\t\t\t\t<\/div>\n\t\t\t\t<\/div>\n\t\t\t\t\t<\/div>\n\t\t\t\t<\/div>\n\t\t<div class=\"elementor-element elementor-element-599ea05 e-flex e-con-boxed wpr-particle-no wpr-jarallax-no wpr-parallax-no wpr-sticky-section-no wpr-equal-height-no e-con e-parent\" data-id=\"599ea05\" data-element_type=\"container\" data-e-type=\"container\">\n\t\t\t\t\t<div class=\"e-con-inner\">\n\t\t\t\t<div class=\"elementor-element elementor-element-e0a9ccc elementor-widget elementor-widget-heading\" data-id=\"e0a9ccc\" data-element_type=\"widget\" data-e-type=\"widget\" data-widget_type=\"heading.default\">\n\t\t\t\t\t<h3 class=\"elementor-heading-title elementor-size-default\">L'ACRYLIQUE<\/h3>\t\t\t\t<\/div>\n\t\t\t\t\t<\/div>\n\t\t\t\t<\/div>\n\t\t<div class=\"elementor-element elementor-element-39d193f e-flex e-con-boxed wpr-particle-no wpr-jarallax-no wpr-parallax-no wpr-sticky-section-no wpr-equal-height-no e-con e-parent\" data-id=\"39d193f\" data-element_type=\"container\" data-e-type=\"container\">\n\t\t\t\t\t<div class=\"e-con-inner\">\n\t\t<div class=\"elementor-element elementor-element-c2b91c3 e-con-full e-flex wpr-particle-no wpr-jarallax-no wpr-parallax-no wpr-sticky-section-no wpr-equal-height-no e-con e-child\" data-id=\"c2b91c3\" data-element_type=\"container\" data-e-type=\"container\">\n\t\t\t\t<div class=\"elementor-element elementor-element-f99d4c3 elementor-widget elementor-widget-heading\" data-id=\"f99d4c3\" data-element_type=\"widget\" data-e-type=\"widget\" data-widget_type=\"heading.default\">\n\t\t\t\t\t<h4 class=\"elementor-heading-title elementor-size-default\">The Blue Soul<\/h4>\t\t\t\t<\/div>\n\t\t\t\t<div class=\"elementor-element elementor-element-ce5583e elementor-widget elementor-widget-image\" data-id=\"ce5583e\" data-element_type=\"widget\" data-e-type=\"widget\" data-widget_type=\"image.default\">\n\t\t\t\t\t\t\t\t\t\t\t\t\t\t\t<img decoding=\"async\" src=\"https:\/\/taina-mangeot.icca-reims.fr\/wp-content\/uploads\/elementor\/thumbs\/peinture-rouge-rebyfs7si5k40spz2dg6stt413w17xbvy8ncpurjd4.jpg\" title=\"peinture-rouge\" alt=\"peinture-rouge\" loading=\"lazy\" \/>\t\t\t\t\t\t\t\t\t\t\t\t\t\t\t<\/div>\n\t\t\t\t<\/div>\n\t\t<div class=\"elementor-element elementor-element-e4353f0 e-con-full e-flex wpr-particle-no wpr-jarallax-no wpr-parallax-no wpr-sticky-section-no wpr-equal-height-no e-con e-child\" data-id=\"e4353f0\" data-element_type=\"container\" data-e-type=\"container\">\n\t\t\t\t<div class=\"elementor-element elementor-element-8e2e826 elementor-widget elementor-widget-heading\" data-id=\"8e2e826\" data-element_type=\"widget\" data-e-type=\"widget\" data-widget_type=\"heading.default\">\n\t\t\t\t\t<h4 class=\"elementor-heading-title elementor-size-default\">Bleu Afrique<\/h4>\t\t\t\t<\/div>\n\t\t\t\t<div class=\"elementor-element elementor-element-3cb60ad elementor-widget elementor-widget-image\" data-id=\"3cb60ad\" data-element_type=\"widget\" data-e-type=\"widget\" data-widget_type=\"image.default\">\n\t\t\t\t\t\t\t\t\t\t\t\t\t\t\t<img decoding=\"async\" src=\"https:\/\/taina-mangeot.icca-reims.fr\/wp-content\/uploads\/elementor\/thumbs\/gc-rebygcw8oicf47vxpmdzbol93l23x9lzd3019xwvk8.jpg\" title=\"g(c\" alt=\"g(c\" loading=\"lazy\" \/>\t\t\t\t\t\t\t\t\t\t\t\t\t\t\t<\/div>\n\t\t\t\t<\/div>\n\t\t\t\t\t<\/div>\n\t\t\t\t<\/div>\n\t\t<div class=\"elementor-element elementor-element-a0fd2fb e-flex e-con-boxed wpr-particle-no wpr-jarallax-no wpr-parallax-no wpr-sticky-section-no wpr-equal-height-no e-con e-parent\" data-id=\"a0fd2fb\" data-element_type=\"container\" data-e-type=\"container\">\n\t\t\t\t\t<div class=\"e-con-inner\">\n\t\t\t\t<div class=\"elementor-element elementor-element-5f037ee elementor-widget elementor-widget-heading\" data-id=\"5f037ee\" data-element_type=\"widget\" data-e-type=\"widget\" data-widget_type=\"heading.default\">\n\t\t\t\t\t<h3 class=\"elementor-heading-title elementor-size-default\">L'AQUARELLE<\/h3>\t\t\t\t<\/div>\n\t\t<div class=\"elementor-element elementor-element-c0a8147 e-con-full e-flex wpr-particle-no wpr-jarallax-no wpr-parallax-no wpr-sticky-section-no wpr-equal-height-no e-con e-child\" data-id=\"c0a8147\" data-element_type=\"container\" data-e-type=\"container\">\n\t\t\t\t<div class=\"elementor-element elementor-element-0aea86d elementor-widget elementor-widget-text-editor\" data-id=\"0aea86d\" data-element_type=\"widget\" data-e-type=\"widget\" data-widget_type=\"text-editor.default\">\n\t\t\t\t\t\t\t\t\t<p><b>Mon approche de l\u2019aquarelle est centr\u00e9e sur la manipulation de l\u2019eau, qui est essentielle pour jouer avec la texture et les couleurs.<\/b><\/p><p>Ce m\u00e9dium offre une grande souplesse pour r\u00e9aliser des\u00a0<b>d\u00e9grad\u00e9s harmonieux<\/b>\u00a0et moduler l\u2019intensit\u00e9 des\u00a0<b>ombres<\/b>. Sa nature aqueuse rend le travail de ces effets plus ais\u00e9, permettant un rendu riche en nuances et en l\u00e9g\u00e8ret\u00e9.<\/p>\t\t\t\t\t\t\t\t<\/div>\n\t\t\t\t<\/div>\n\t\t\t\t\t<\/div>\n\t\t\t\t<\/div>\n\t\t<div class=\"elementor-element elementor-element-9d97c97 e-flex e-con-boxed wpr-particle-no wpr-jarallax-no wpr-parallax-no wpr-sticky-section-no wpr-equal-height-no e-con e-parent\" data-id=\"9d97c97\" data-element_type=\"container\" data-e-type=\"container\">\n\t\t\t\t\t<div class=\"e-con-inner\">\n\t\t<div class=\"elementor-element elementor-element-2d9a98e e-con-full e-flex wpr-particle-no wpr-jarallax-no wpr-parallax-no wpr-sticky-section-no wpr-equal-height-no e-con e-child\" data-id=\"2d9a98e\" data-element_type=\"container\" data-e-type=\"container\">\n\t\t\t\t<div class=\"elementor-element elementor-element-333226c elementor-widget elementor-widget-image\" data-id=\"333226c\" data-element_type=\"widget\" data-e-type=\"widget\" data-widget_type=\"image.default\">\n\t\t\t\t\t\t\t\t\t\t\t\t\t\t\t<img decoding=\"async\" src=\"https:\/\/taina-mangeot.icca-reims.fr\/wp-content\/uploads\/elementor\/thumbs\/3ab35263d3b2f434ce73a65c9869d7d1-rebytvsn0ouy688oqguq79q0t6e8ohaxw0xjv9uy14.jpg\" title=\"3ab35263d3b2f434ce73a65c9869d7d1\" alt=\"3ab35263d3b2f434ce73a65c9869d7d1\" loading=\"lazy\" \/>\t\t\t\t\t\t\t\t\t\t\t\t\t\t\t<\/div>\n\t\t\t\t<\/div>\n\t\t<div class=\"elementor-element elementor-element-074d2eb e-con-full e-flex wpr-particle-no wpr-jarallax-no wpr-parallax-no wpr-sticky-section-no wpr-equal-height-no e-con e-child\" data-id=\"074d2eb\" data-element_type=\"container\" data-e-type=\"container\">\n\t\t\t\t<div class=\"elementor-element elementor-element-477838f elementor-widget elementor-widget-image\" data-id=\"477838f\" data-element_type=\"widget\" data-e-type=\"widget\" data-widget_type=\"image.default\">\n\t\t\t\t\t\t\t\t\t\t\t\t\t\t\t<img decoding=\"async\" src=\"https:\/\/taina-mangeot.icca-reims.fr\/wp-content\/uploads\/elementor\/thumbs\/telecharger-2-rens38pb7i7trejku0tay08s68ikpae9ebcpcyirbc.png\" title=\"t\u00e9l\u00e9charger-(2)\" alt=\"t\u00e9l\u00e9charger-(2)\" loading=\"lazy\" \/>\t\t\t\t\t\t\t\t\t\t\t\t\t\t\t<\/div>\n\t\t\t\t<\/div>\n\t\t\t\t\t<\/div>\n\t\t\t\t<\/div>\n\t\t<div class=\"elementor-element elementor-element-5c5ca0f e-flex e-con-boxed wpr-particle-no wpr-jarallax-no wpr-parallax-no wpr-sticky-section-no wpr-equal-height-no e-con e-parent\" data-id=\"5c5ca0f\" data-element_type=\"container\" data-e-type=\"container\">\n\t\t\t\t\t<div class=\"e-con-inner\">\n\t\t\t\t<div class=\"elementor-element elementor-element-2f22751 elementor-widget elementor-widget-heading\" data-id=\"2f22751\" data-element_type=\"widget\" data-e-type=\"widget\" data-widget_type=\"heading.default\">\n\t\t\t\t\t<h3 class=\"elementor-heading-title elementor-size-default\">ACRYLIQUE &amp; FEUTRE ALCOOL<\/h3>\t\t\t\t<\/div>\n\t\t\t\t<div class=\"elementor-element elementor-element-a8dd250 elementor-widget elementor-widget-text-editor\" data-id=\"a8dd250\" data-element_type=\"widget\" data-e-type=\"widget\" data-widget_type=\"text-editor.default\">\n\t\t\t\t\t\t\t\t\t<p><b>Mon approche m\u00ealant l\u2019acrylique et les feutres \u00e0 alcool vise \u00e0 cr\u00e9er une exp\u00e9rience visuelle et tactile.<\/b><\/p><p>Je juxtapose la nettet\u00e9 des\u00a0<b>aplats de couleurs<\/b>\u00a0obtenus gr\u00e2ce aux feutres avec la\u00a0<b>mati\u00e8re<\/b>\u00a0brute et palpable de l\u2019acrylique. Le but est d\u2019enrichir la surface de la toile en ajoutant une\u00a0<b>texture<\/b>\u00a0qui donne un v\u00e9ritable\u00a0<b>effet au toucher<\/b>.<\/p>\t\t\t\t\t\t\t\t<\/div>\n\t\t\t\t\t<\/div>\n\t\t\t\t<\/div>\n\t\t<div class=\"elementor-element elementor-element-e7a2cce e-flex e-con-boxed wpr-particle-no wpr-jarallax-no wpr-parallax-no wpr-sticky-section-no wpr-equal-height-no e-con e-parent\" data-id=\"e7a2cce\" data-element_type=\"container\" data-e-type=\"container\">\n\t\t\t\t\t<div class=\"e-con-inner\">\n\t\t<div class=\"elementor-element elementor-element-413774e e-con-full e-flex wpr-particle-no wpr-jarallax-no wpr-parallax-no wpr-sticky-section-no wpr-equal-height-no e-con e-child\" data-id=\"413774e\" data-element_type=\"container\" data-e-type=\"container\">\n\t\t\t\t<div class=\"elementor-element elementor-element-537e0bd elementor-widget elementor-widget-heading\" data-id=\"537e0bd\" data-element_type=\"widget\" data-e-type=\"widget\" data-widget_type=\"heading.default\">\n\t\t\t\t\t<h4 class=\"elementor-heading-title elementor-size-default\">Vogue<\/h4>\t\t\t\t<\/div>\n\t\t\t\t<div class=\"elementor-element elementor-element-e513a63 elementor-widget elementor-widget-image\" data-id=\"e513a63\" data-element_type=\"widget\" data-e-type=\"widget\" data-widget_type=\"image.default\">\n\t\t\t\t\t\t\t\t\t\t\t\t\t\t\t<img decoding=\"async\" src=\"https:\/\/taina-mangeot.icca-reims.fr\/wp-content\/uploads\/elementor\/thumbs\/tsgbdfvsdfsdf-1-rectqelu0hsx6kwd1scvbx7fq6gotuyp90jn9bs8gw.jpg\" title=\"tsgbdfvsdfsdf\" alt=\"tsgbdfvsdfsdf\" loading=\"lazy\" \/>\t\t\t\t\t\t\t\t\t\t\t\t\t\t\t<\/div>\n\t\t\t\t<\/div>\n\t\t<div class=\"elementor-element elementor-element-aaed21a e-con-full e-flex wpr-particle-no wpr-jarallax-no wpr-parallax-no wpr-sticky-section-no wpr-equal-height-no e-con e-child\" data-id=\"aaed21a\" data-element_type=\"container\" data-e-type=\"container\">\n\t\t\t\t<div class=\"elementor-element elementor-element-34fedc1 elementor-widget elementor-widget-heading\" data-id=\"34fedc1\" data-element_type=\"widget\" data-e-type=\"widget\" data-widget_type=\"heading.default\">\n\t\t\t\t\t<h4 class=\"elementor-heading-title elementor-size-default\">La Vip\u00e8re<\/h4>\t\t\t\t<\/div>\n\t\t\t\t<div class=\"elementor-element elementor-element-13657f6 elementor-widget elementor-widget-image\" data-id=\"13657f6\" data-element_type=\"widget\" data-e-type=\"widget\" data-widget_type=\"image.default\">\n\t\t\t\t\t\t\t\t\t\t\t\t\t\t\t<img decoding=\"async\" src=\"https:\/\/taina-mangeot.icca-reims.fr\/wp-content\/uploads\/elementor\/thumbs\/LA-VIPERE-renwpoyfgc278xf7jebhgeaarrnbhu7woor9qz70f4.jpg\" title=\"LA-VIPERE\" alt=\"LA-VIPERE\" loading=\"lazy\" \/>\t\t\t\t\t\t\t\t\t\t\t\t\t\t\t<\/div>\n\t\t\t\t<\/div>\n\t\t\t\t\t<\/div>\n\t\t\t\t<\/div>\n\t\t<div class=\"elementor-element elementor-element-64cb23a e-flex e-con-boxed wpr-particle-no wpr-jarallax-no wpr-parallax-no wpr-sticky-section-no wpr-equal-height-no e-con e-parent\" data-id=\"64cb23a\" data-element_type=\"container\" data-e-type=\"container\">\n\t\t\t\t\t<div class=\"e-con-inner\">\n\t\t\t\t<div class=\"elementor-element elementor-element-4a37c3d elementor-widget elementor-widget-heading\" data-id=\"4a37c3d\" data-element_type=\"widget\" data-e-type=\"widget\" data-widget_type=\"heading.default\">\n\t\t\t\t\t<h3 class=\"elementor-heading-title elementor-size-default\">FEUTRES ALCOOLS<\/h3>\t\t\t\t<\/div>\n\t\t\t\t<div class=\"elementor-element elementor-element-26c69d1 elementor-widget elementor-widget-text-editor\" data-id=\"26c69d1\" data-element_type=\"widget\" data-e-type=\"widget\" data-widget_type=\"text-editor.default\">\n\t\t\t\t\t\t\t\t\t<p><b>J&rsquo;utilise les feutres \u00e0 alcool pour leur capacit\u00e9 \u00e0 cr\u00e9er des aplats de couleurs lisses et des contrastes nets.<\/b><\/p><p>Ce m\u00e9dium me permet d&rsquo;appliquer des <b>blocs de couleurs<\/b> sans effet de mati\u00e8re, le rendu \u00e9tant souvent tr\u00e8s <b>uniforme<\/b> (selon le papier). J&rsquo;exploite cette nettet\u00e9 pour accentuer les <b>ombres<\/b> et cr\u00e9er un style visuel <b>marqu\u00e9<\/b>. Dans cet exemple, j&rsquo;ai retravaill\u00e9 une photographie pour la simplifier dans une approche plus <b>minimaliste<\/b> et stylis\u00e9e.<\/p>\t\t\t\t\t\t\t\t<\/div>\n\t\t\t\t\t<\/div>\n\t\t\t\t<\/div>\n\t\t<div class=\"elementor-element elementor-element-8d094db e-flex e-con-boxed wpr-particle-no wpr-jarallax-no wpr-parallax-no wpr-sticky-section-no wpr-equal-height-no e-con e-parent\" data-id=\"8d094db\" data-element_type=\"container\" data-e-type=\"container\">\n\t\t\t\t\t<div class=\"e-con-inner\">\n\t\t<div class=\"elementor-element elementor-element-0207b0c e-con-full e-flex wpr-particle-no wpr-jarallax-no wpr-parallax-no wpr-sticky-section-no wpr-equal-height-no e-con e-child\" data-id=\"0207b0c\" data-element_type=\"container\" data-e-type=\"container\">\n\t\t\t\t<div class=\"elementor-element elementor-element-6e89066 elementor-widget elementor-widget-heading\" data-id=\"6e89066\" data-element_type=\"widget\" data-e-type=\"widget\" data-widget_type=\"heading.default\">\n\t\t\t\t\t<h4 class=\"elementor-heading-title elementor-size-default\">The look<\/h4>\t\t\t\t<\/div>\n\t\t\t\t<div class=\"elementor-element elementor-element-d9c73f0 elementor-widget elementor-widget-image\" data-id=\"d9c73f0\" data-element_type=\"widget\" data-e-type=\"widget\" data-widget_type=\"image.default\">\n\t\t\t\t\t\t\t\t\t\t\t\t\t\t\t<img decoding=\"async\" src=\"https:\/\/taina-mangeot.icca-reims.fr\/wp-content\/uploads\/elementor\/thumbs\/ppptsrgg-recq5v67btw5g8tak5soagpe3kyjx5lj5tyex3z97c.jpg\" title=\"SedShopCo_S006_019-Mockup\" alt=\"SedShopCo_S006_019-Mockup\" loading=\"lazy\" \/>\t\t\t\t\t\t\t\t\t\t\t\t\t\t\t<\/div>\n\t\t\t\t<\/div>\n\t\t<div class=\"elementor-element elementor-element-a6bb018 e-con-full e-flex wpr-particle-no wpr-jarallax-no wpr-parallax-no wpr-sticky-section-no wpr-equal-height-no e-con e-child\" data-id=\"a6bb018\" data-element_type=\"container\" data-e-type=\"container\">\n\t\t\t\t<div class=\"elementor-element elementor-element-213c9e5 elementor-widget elementor-widget-image\" data-id=\"213c9e5\" data-element_type=\"widget\" data-e-type=\"widget\" data-widget_type=\"image.default\">\n\t\t\t\t\t\t\t\t\t\t\t\t\t\t\t<img decoding=\"async\" src=\"https:\/\/taina-mangeot.icca-reims.fr\/wp-content\/uploads\/elementor\/thumbs\/yellow-reugpl2tsscjcbv9f895q3clxneyvu920hajfluwd4.png\" title=\"yellow\" alt=\"yellow\" loading=\"lazy\" \/>\t\t\t\t\t\t\t\t\t\t\t\t\t\t\t<\/div>\n\t\t\t\t<\/div>\n\t\t\t\t\t<\/div>\n\t\t\t\t<\/div>\n\t\t\t\t<\/div>\n\t\t","protected":false},"excerpt":{"rendered":"<p>LES DIFF\u00c9RENTS M\u00c9DIUMS Bienvenue dans mon espace d\u00e9di\u00e9 \u00e0 la couleur et \u00e0 la mati\u00e8re. Cette section vous invite \u00e0 un voyage \u00e0 travers les diff\u00e9rentes facettes de ma pratique artistique. Loin d&rsquo;\u00eatre limit\u00e9e \u00e0 une seule technique, j&rsquo;aime mettre l&rsquo;agilit\u00e9 au service de l&rsquo;\u00e9motion. Chaque m\u00e9dium \u2013 de la transparence \u00e0 l&rsquo;opacit\u00e9, de l&rsquo;huile \u00e0 l&rsquo;encre \u2013 est pour moi une nouvelle fa\u00e7on de raconter une histoire. L&rsquo;exploration est totale. N&rsquo;h\u00e9sitez pas \u00e0 cliquer sur le m\u00e9dium qui vous intrigue le plus pour d\u00e9couvrir les galeries d\u00e9di\u00e9es ! L&rsquo;ACRYLIQUE The Blue Soul Bleu Afrique L&rsquo;AQUARELLE Mon approche de l\u2019aquarelle est centr\u00e9e sur la manipulation de l\u2019eau, qui est essentielle pour jouer avec la texture et les couleurs. Ce m\u00e9dium offre une grande souplesse pour r\u00e9aliser des\u00a0d\u00e9grad\u00e9s harmonieux\u00a0et moduler l\u2019intensit\u00e9 des\u00a0ombres. Sa nature aqueuse rend le travail de ces effets plus ais\u00e9, permettant un rendu riche en nuances et en l\u00e9g\u00e8ret\u00e9. ACRYLIQUE &amp; FEUTRE ALCOOL Mon approche m\u00ealant l\u2019acrylique et les feutres \u00e0 alcool vise \u00e0 cr\u00e9er une exp\u00e9rience visuelle et tactile. Je juxtapose la nettet\u00e9 des\u00a0aplats de couleurs\u00a0obtenus gr\u00e2ce aux feutres avec la\u00a0mati\u00e8re\u00a0brute et palpable de l\u2019acrylique. Le but est d\u2019enrichir la surface de la toile en ajoutant une\u00a0texture\u00a0qui donne un v\u00e9ritable\u00a0effet au toucher. Vogue La Vip\u00e8re FEUTRES ALCOOLS J&rsquo;utilise les feutres \u00e0 alcool pour leur capacit\u00e9 \u00e0 cr\u00e9er des aplats de couleurs lisses et des contrastes nets. Ce m\u00e9dium me permet d&rsquo;appliquer des blocs de couleurs sans effet de mati\u00e8re, le rendu \u00e9tant souvent tr\u00e8s uniforme (selon le papier). J&rsquo;exploite cette nettet\u00e9 pour accentuer les ombres et cr\u00e9er un style visuel marqu\u00e9. Dans cet exemple, j&rsquo;ai retravaill\u00e9 une photographie pour la simplifier dans une approche plus minimaliste et stylis\u00e9e. The look<\/p>\n","protected":false},"author":1,"featured_media":0,"parent":0,"menu_order":0,"comment_status":"closed","ping_status":"closed","template":"","meta":{"footnotes":""},"class_list":["post-1510","page","type-page","status-publish","hentry"],"_links":{"self":[{"href":"https:\/\/taina-mangeot.icca-reims.fr\/index.php?rest_route=\/wp\/v2\/pages\/1510","targetHints":{"allow":["GET"]}}],"collection":[{"href":"https:\/\/taina-mangeot.icca-reims.fr\/index.php?rest_route=\/wp\/v2\/pages"}],"about":[{"href":"https:\/\/taina-mangeot.icca-reims.fr\/index.php?rest_route=\/wp\/v2\/types\/page"}],"author":[{"embeddable":true,"href":"https:\/\/taina-mangeot.icca-reims.fr\/index.php?rest_route=\/wp\/v2\/users\/1"}],"replies":[{"embeddable":true,"href":"https:\/\/taina-mangeot.icca-reims.fr\/index.php?rest_route=%2Fwp%2Fv2%2Fcomments&post=1510"}],"version-history":[{"count":130,"href":"https:\/\/taina-mangeot.icca-reims.fr\/index.php?rest_route=\/wp\/v2\/pages\/1510\/revisions"}],"predecessor-version":[{"id":2767,"href":"https:\/\/taina-mangeot.icca-reims.fr\/index.php?rest_route=\/wp\/v2\/pages\/1510\/revisions\/2767"}],"wp:attachment":[{"href":"https:\/\/taina-mangeot.icca-reims.fr\/index.php?rest_route=%2Fwp%2Fv2%2Fmedia&parent=1510"}],"curies":[{"name":"wp","href":"https:\/\/api.w.org\/{rel}","templated":true}]}}